{"id":3,"date":"2024-08-25T12:08:17","date_gmt":"2024-08-25T12:08:17","guid":{"rendered":"https:\/\/fliedra.ch\/?page_id=3"},"modified":"2024-10-16T21:50:18","modified_gmt":"2024-10-16T21:50:18","slug":"privacy-policy","status":"publish","type":"page","link":"https:\/\/fliedra.ch\/?page_id=3","title":{"rendered":"Datenschutzerkl\u00e4rung"},"content":{"rendered":"\n<h3 class=\"wp-block-heading\">Wer wir sind<\/h3>\n\n\n\n<p>Die Adresse unserer Website lautet: <a href=\"https:\/\/fliedra.ch\">https:\/\/fliedra.ch<\/a>.<\/p>\n\n\n\n<h3 class=\"wp-block-heading\">Erhebung und Speicherung personenbezogener Daten sowie Art und Zweck ihrer Verwendung<\/h3>\n\n\n\n<p>Beim Besuch unserer Website werden automatisch Informationen an den Server unserer Website gesendet. Diese Informationen umfassen unter anderem:<\/p>\n\n\n\n<ul class=\"wp-block-list\">\n<li>Ihre IP-Adresse<\/li>\n\n\n\n<li>Datum und Uhrzeit des Zugriffs<\/li>\n\n\n\n<li>Name und URL der abgerufenen Datei<\/li>\n\n\n\n<li>Website, von der aus der Zugriff erfolgt (Referrer-URL)<\/li>\n\n\n\n<li>Verwendeter Browser und ggf. das Betriebssystem Ihres Rechners sowie der Name Ihres Access-Providers<\/li>\n<\/ul>\n\n\n\n<p>Diese Daten werden zur Sicherstellung eines reibungslosen Verbindungsaufbaus der Website, zur Gew\u00e4hrleistung einer komfortablen Nutzung und zur Auswertung der Systemsicherheit und -stabilit\u00e4t verwendet. Eine personenbezogene Auswertung der Daten findet nicht statt.<\/p>\n\n\n\n<h3 class=\"wp-block-heading\">Cookies<\/h3>\n\n\n\n<p>Unsere Website verwendet Cookies, um die Benutzererfahrung zu verbessern. Cookies sind kleine Dateien, die auf Ihrem Endger\u00e4t gespeichert werden. Sie enthalten Informationen wie Spracheinstellungen, Sitzungsinformationen oder andere Einstellungen, die die Nutzung der Website angenehmer gestalten.<\/p>\n\n\n\n<p>Sie k\u00f6nnen die Speicherung von Cookies jederzeit \u00fcber die Einstellungen Ihres Browsers deaktivieren oder einschr\u00e4nken. Allerdings kann die Deaktivierung dazu f\u00fchren, dass bestimmte Funktionen unserer Website nicht oder nur eingeschr\u00e4nkt verf\u00fcgbar sind.<\/p>\n\n\n\n<h3 class=\"wp-block-heading\">Eingebettete Inhalte von anderen Websites<\/h3>\n\n\n\n<p>Artikel und Inhalte auf dieser Website k\u00f6nnen eingebettete Inhalte (z. B. Videos, Bilder, Beitr\u00e4ge etc.) beinhalten. Eingebettete Inhalte von anderen Websites verhalten sich genau so, als h\u00e4tten Sie diese andere Website direkt besucht.<\/p>\n\n\n\n<p>Diese externen Websites k\u00f6nnen Daten \u00fcber Sie sammeln, Cookies verwenden, zus\u00e4tzliche Tracking-Dienste von Dritten einbetten und Ihre Interaktion mit diesen eingebetteten Inhalten \u00fcberwachen, insbesondere wenn Sie auf diesen externen Websites ein Benutzerkonto haben und dort eingeloggt sind.<\/p>\n\n\n\n<h3 class=\"wp-block-heading\">Nutzung von Google Maps<\/h3>\n\n\n\n<p>Diese Website nutzt einen eingebetteten Google Maps iFrame, um geografische Informationen visuell darzustellen. Durch die Nutzung von Google Maps werden Informationen \u00fcber Ihre Benutzung dieser Website (einschlie\u00dflich Ihrer IP-Adresse) an einen Server von Google in den USA \u00fcbertragen und dort gespeichert. Wir haben keinen Einfluss auf die weitere Verarbeitung dieser Daten durch Google. Mehr Informationen finden Sie in der <a>Datenschutzerkl\u00e4rung von Google<\/a>.<\/p>\n\n\n\n<h3 class=\"wp-block-heading\">Rechte der Nutzer*in<\/h3>\n\n\n\n<p>Sie haben das Recht:<\/p>\n\n\n\n<ul class=\"wp-block-list\">\n<li>Auskunft \u00fcber Ihre von uns verarbeiteten personenbezogenen Daten zu verlangen.<\/li>\n\n\n\n<li>Die Berichtigung unrichtiger oder die Vervollst\u00e4ndigung Ihrer bei uns gespeicherten personenbezogenen Daten zu fordern.<\/li>\n\n\n\n<li>Die L\u00f6schung Ihrer bei uns gespeicherten personenbezogenen Daten zu verlangen, sofern nicht gesetzliche Aufbewahrungsfristen entgegenstehen.<\/li>\n\n\n\n<li>Eine Einschr\u00e4nkung der Verarbeitung Ihrer personenbezogenen Daten zu verlangen.<\/li>\n\n\n\n<li>Widerspruch gegen die Verarbeitung Ihrer personenbezogenen Daten einzulegen.<\/li>\n\n\n\n<li>Die \u00dcbertragung Ihrer personenbezogenen Daten in einem strukturierten, g\u00e4ngigen und maschinenlesbaren Format zu verlangen.<\/li>\n<\/ul>\n\n\n\n<h3 class=\"wp-block-heading\">Kontakt<\/h3>\n\n\n\n<p>Wenn Sie Fragen zum Datenschutz haben, k\u00f6nnen Sie uns jederzeit \u00fcber die im Impressum genannten Kontaktdaten erreichen.<\/p>\n","protected":false},"excerpt":{"rendered":"<p>Wer wir sind Die Adresse unserer Website lautet: https:\/\/fliedra.ch. Erhebung und Speicherung personenbezogener Daten sowie Art und Zweck ihrer Verwendung Beim Besuch unserer Website werden automatisch Informationen an den Server unserer Website gesendet. Diese Informationen umfassen unter anderem: Diese Daten werden zur Sicherstellung eines reibungslosen Verbindungsaufbaus der Website, zur Gew\u00e4hrleistung einer komfortablen Nutzung und zur [&hellip;]<\/p>\n","protected":false},"author":1,"featured_media":0,"parent":0,"menu_order":0,"comment_status":"closed","ping_status":"open","template":"","meta":{"footnotes":""},"class_list":["post-3","page","type-page","status-publish","hentry"],"_links":{"self":[{"href":"https:\/\/fliedra.ch\/index.php?rest_route=\/wp\/v2\/pages\/3","targetHints":{"allow":["GET"]}}],"collection":[{"href":"https:\/\/fliedra.ch\/index.php?rest_route=\/wp\/v2\/pages"}],"about":[{"href":"https:\/\/fliedra.ch\/index.php?rest_route=\/wp\/v2\/types\/page"}],"author":[{"embeddable":true,"href":"https:\/\/fliedra.ch\/index.php?rest_route=\/wp\/v2\/users\/1"}],"replies":[{"embeddable":true,"href":"https:\/\/fliedra.ch\/index.php?rest_route=%2Fwp%2Fv2%2Fcomments&post=3"}],"version-history":[{"count":3,"href":"https:\/\/fliedra.ch\/index.php?rest_route=\/wp\/v2\/pages\/3\/revisions"}],"predecessor-version":[{"id":188,"href":"https:\/\/fliedra.ch\/index.php?rest_route=\/wp\/v2\/pages\/3\/revisions\/188"}],"wp:attachment":[{"href":"https:\/\/fliedra.ch\/index.php?rest_route=%2Fwp%2Fv2%2Fmedia&parent=3"}],"curies":[{"name":"wp","href":"https:\/\/api.w.org\/{rel}","templated":true}]}}